{"id":62,"date":"2026-02-15T07:16:15","date_gmt":"2026-02-15T06:16:15","guid":{"rendered":"https:\/\/www.n-news.de\/n-news\/?page_id=62"},"modified":"2026-02-15T10:33:13","modified_gmt":"2026-02-15T09:33:13","slug":"mediadaten","status":"publish","type":"page","link":"https:\/\/www.n-news.de\/?page_id=62","title":{"rendered":"Mediadaten"},"content":{"rendered":"<h3>Mediadaten, Medienprofil<\/h3>\n<p><strong>Medienprofil Reiseaktivit\u00e4ten, \u00dcbersicht \u00fcber die letzten 20 Stories <\/strong><br \/>\nDownload hier: <a href=\"https:\/\/www.n-news.de\/wp-content\/uploads\/2026\/02\/Martin_Schechler_Travmedia_Profile-15.02.2026.pdf\" rel=\"noopener noreferrer\" target=\"_blank\">Martin_Schechler_Travmedia_Profile (02.2026), PDF 750kB<\/a><\/p>\n<p><strong>Besucher, Seitenaufrufe:<\/strong><br \/>\nStabil auf H\u00f6he Vorjahr: Danke \u2013 auch 2025 drei Millionen Besucher mit \u00fcber 5 Mio. Seitenaufrufen bei uns!<br \/>\n\u00dcber 25 Jahre N-News.de Stuttgarter Onlinezeitung!<br \/>\nBasis WP Statistics, Jan. 2026<\/p>\n<p>Artikel derzeit online: 1569<\/p>\n<h3>Unser N-News.de Flyer<\/h3>\n<p><a href=\"https:\/\/www.n-news.de\/wp-content\/uploads\/2018\/11\/N-News.de-Flyer.pdf\" rel=\"noopener noreferrer\" target=\"_blank\"><img loading=\"lazy\" src=\"https:\/\/www.n-news.de\/wp-content\/uploads\/2018\/11\/N-News_Flyer_thumb.jpg\" alt=\"\" width=\"146\" height=\"300\" class=\"alignleft size-full wp-image-87551\" \/> Download: Unser N-News.de Flyer<\/a><\/p>\n<h3>Update aktuell<\/h3>\n<blockquote><p>Auch 2016 konnten die Vorjahresquoten gehalten werden: Wieder \u00fcber 2 Millionen Besuche!<br \/>\nMK Schechler, Chefredakteur 27.01.2017<\/p><\/blockquote>\n<h3>Erstmals mehr als 2.000.000 Besucher 2015<\/h3>\n<p><STRONG>Magische Zahl zum Jahresende geknackt!<\/STRONG><\/p>\n<blockquote><p>Dankesch\u00f6n an alle Besucher, Kunden und Freunde! Mehr als zwei Millionen Besucher wurden bei der Statistikauswertung gestern gez\u00e4hlt. Damit haben wir diese magische Zahl zum Jahresende geknackt bei \u00fcber 4,7 Millionen Seitenaufrufen f\u00fcr die Stuttgarter Online-Zeitung N-News.de (www.n-news.de) und die Bodensee Seite See-Infos.de (www.see-infos.de).<br \/>\nMK Schechler, Chefredakteur 04.01.2016<\/p><\/blockquote>\n<p>Besucher 2015: 2.019.442<br \/>\nSeitenaufrufe 2015: 4.702.355<\/p>\n<p>Kontinuierliche Steigerung der Besucher. Mit aktuell fast 400.000 und mehr Seitenaufrufen monatlich erreichen wir mit unserem Angebot f\u00fcr Stuttgart, den Mittleren Neckarraum bis hinunter in die Bodenseeregion einen treuen, lokal interessierten Leserkreis jeden Alters aus aller Welt. Affinit\u00e4t zu Reisen und Veranstaltungsbesuch wurde in eigenen Erhebungen festgestellt. Kontinuierlicher Traffic-Ausbau resultierend aus Seitenrelaunch Anfang 2012 und 2013 sowie Transferierung der Website auf neue technische Basis (WordPress).<br \/>\nQuelle: Web-Statistik, eigene Recherchen.<\/p>\n<div id=\"attachment_63526\" style=\"width: 610px\" class=\"wp-caption alignleft\"><img aria-describedby=\"caption-attachment-63526\" loading=\"lazy\" src=\"https:\/\/www.n-news.de\/wp-content\/uploads\/2012\/12\/Webstatistik_2015_600.jpg\" alt=\"Webstatistik 2015: Quelle 1&amp;1 WebAnalytics f\u00fcr N-News.de und Schwesterseite See-Infos.de\" width=\"600\" height=\"475\" class=\"size-full wp-image-63526\" srcset=\"https:\/\/www.n-news.de\/wp-content\/uploads\/2012\/12\/Webstatistik_2015_600.jpg 600w, https:\/\/www.n-news.de\/wp-content\/uploads\/2012\/12\/Webstatistik_2015_600-300x238.jpg 300w\" sizes=\"(max-width: 600px) 100vw, 600px\" \/><p id=\"caption-attachment-63526\" class=\"wp-caption-text\">Webstatistik 2015: Quelle 1&#038;1 WebAnalytics f\u00fcr N-News.de und Schwesterseite See-Infos.de<\/p><\/div>\n<div class=\"twoclick_social_bookmarks_post_62 social_share_privacy clearfix 1.6.4 locale-de_DE sprite-de_DE\"><\/div><div class=\"twoclick-js\"><script type=\"text\/javascript\">\/* <![CDATA[ *\/\njQuery(document).ready(function($){if($('.twoclick_social_bookmarks_post_62')){$('.twoclick_social_bookmarks_post_62').socialSharePrivacy({\"services\":{\"facebook\":{\"status\":\"on\",\"txt_info\":\"\",\"perma_option\":\"off\",\"action\":\"like\",\"language\":\"de_DE\"},\"twitter\":{\"reply_to\":\"nnews_de\",\"tweet_text\":\"Mediadaten%20%C2%BB%20N-News.de\",\"status\":\"on\",\"txt_info\":\"\",\"perma_option\":\"off\",\"language\":\"de\",\"referrer_track\":\"\"},\"gplus\":{\"status\":\"on\",\"txt_info\":\"\",\"perma_option\":\"off\",\"referrer_track\":\"\"},\"pinterest\":{\"status\":\"on\",\"the_excerpt\":\"Mediadaten &raquo; Mediadaten, Medienprofil\\r\\n\\r\\nMedienprofil Reiseaktivit\\u00e4ten, \\u00dcbersic ...\",\"txt_info\":\"\",\"perma_option\":\"off\",\"media\":\"https:\\\/\\\/www.n-news.de\\\/wp-content\\\/uploads\\\/2021\\\/11\\\/n-news_base.jpg\"},\"linkedin\":{\"status\":\"on\",\"txt_info\":\"2 Klicks f\\u00fcr mehr Datenschutz: Erst wenn Sie hier klicken, wird der Button aktiv und Sie k\\u00f6nnen Ihre Empfehlung an LinkedIn senden. Schon beim Aktivieren werden Daten an Dritte \\u00fcbertragen - siehe <em>i<\\\/em>.\",\"perma_option\":\"off\"}},\"txt_help\":\"\",\"settings_perma\":\"\",\"info_link\":\"\",\"uri\":\"https:\\\/\\\/www.n-news.de\\\/?page_id=62\",\"post_id\":62,\"post_title_referrer_track\":\"Mediadaten\",\"display_infobox\":\"on\"});}});\n\/* ]]> *\/<\/script><\/div>","protected":false},"excerpt":{"rendered":"<p>Mediadaten, Medienprofil Medienprofil Reiseaktivit\u00e4ten, \u00dcbersicht \u00fcber die letzten 20 Stories Download hier: Martin_Schechler_Travmedia_Profile (02.2026), PDF 750kB Besucher, Seitenaufrufe: Stabil auf H\u00f6he Vorjahr: Danke \u2013 auch 2025 drei Millionen Besucher mit \u00fcber 5 Mio. Seitenaufrufen bei uns! \u00dcber 25 Jahre N-News.de Stuttgarter Onlinezeitung! Basis WP Statistics, Jan. 2026 Artikel derzeit online: Unser N-News.de Flyer Download: Unser [&hellip;]<\/p>\n","protected":false},"author":2,"featured_media":105398,"parent":47,"menu_order":2,"comment_status":"closed","ping_status":"closed","template":"","meta":[],"_links":{"self":[{"href":"https:\/\/www.n-news.de\/index.php?rest_route=\/wp\/v2\/pages\/62"}],"collection":[{"href":"https:\/\/www.n-news.de\/index.php?rest_route=\/wp\/v2\/pages"}],"about":[{"href":"https:\/\/www.n-news.de\/index.php?rest_route=\/wp\/v2\/types\/page"}],"author":[{"embeddable":true,"href":"https:\/\/www.n-news.de\/index.php?rest_route=\/wp\/v2\/users\/2"}],"replies":[{"embeddable":true,"href":"https:\/\/www.n-news.de\/index.php?rest_route=%2Fwp%2Fv2%2Fcomments&post=62"}],"version-history":[{"count":6,"href":"https:\/\/www.n-news.de\/index.php?rest_route=\/wp\/v2\/pages\/62\/revisions"}],"predecessor-version":[{"id":124861,"href":"https:\/\/www.n-news.de\/index.php?rest_route=\/wp\/v2\/pages\/62\/revisions\/124861"}],"up":[{"embeddable":true,"href":"https:\/\/www.n-news.de\/index.php?rest_route=\/wp\/v2\/pages\/47"}],"wp:featuredmedia":[{"embeddable":true,"href":"https:\/\/www.n-news.de\/index.php?rest_route=\/wp\/v2\/media\/105398"}],"wp:attachment":[{"href":"https:\/\/www.n-news.de\/index.php?rest_route=%2Fwp%2Fv2%2Fmedia&parent=62"}],"curies":[{"name":"wp","href":"https:\/\/api.w.org\/{rel}","templated":true}]}}