{"id":59,"date":"2026-01-03T21:13:37","date_gmt":"2026-01-03T20:13:37","guid":{"rendered":"https:\/\/www.n-news.de\/n-news\/?page_id=59"},"modified":"2026-02-14T17:07:07","modified_gmt":"2026-02-14T16:07:07","slug":"ehr-von-uns","status":"publish","type":"page","link":"https:\/\/www.n-news.de\/?page_id=59","title":{"rendered":"Mehr von uns"},"content":{"rendered":"<p><img loading=\"lazy\" src=\"https:\/\/www.n-news.de\/wp-content\/uploads\/2012\/02\/N-News_PC_Table_600-267x300.jpg\" alt=\"\" title=\"N-News_PC_Table_600\" width=\"267\" height=\"300\" class=\"alignleft size-medium wp-image-654\" srcset=\"https:\/\/www.n-news.de\/wp-content\/uploads\/2012\/02\/N-News_PC_Table_600-267x300.jpg 267w, https:\/\/www.n-news.de\/wp-content\/uploads\/2012\/02\/N-News_PC_Table_600.jpg 535w\" sizes=\"(max-width: 267px) 100vw, 267px\" \/><br \/>\n<strong>Willkommen bei N-News.de<\/strong><br \/>\nN-News.de ist die verlagsunabh\u00e4ngige Online-Zeitung f\u00fcr Stuttgart. 2023 feiern wir 25 Jahre Jubil\u00e4um mit vielen Gewinnspielen, die unsere Partner im Laufe des Jahres bereitstellen. Also, immer wieder reinschauen &#8211; es lohnt sich! Gedruckte Exemplare finden Sie bei uns nicht. N-News ist kostenlos. F\u00fcr ein \u2018Abo\u2019 speichern Sie unseren Link in Ihren Favoriten ab. Die Artikel in den Rubriken werden st\u00e4ndig aktualisiert. Unsere rund um die Uhr besetzte Redaktion stellt ein permanentes News-Update sicher. \u00dcber 2.000 Artikel online.<\/p>\n<p><strong>Die Geschichte von zeitung.n-news.de<\/strong><br \/>\nGegr\u00fcndet wurde zeitung.n-news.de im Rahmen eines Projektes der s-gruppe als Nachfolger eines Stuttgarter Stadtteilnetzes Anfang 1998. zeitung.n-news.de war mit Ihrer Redaktion damit eine der ersten Zeitungen in Deutschland, die nur im Internet erschienen.<\/p>\n<p>Inzwischen unterhalten wir mehrere Redaktionsb\u00fcros und bieten einen umfassenden \u00dcberblick \u00fcber alle wichtigen Meldungen der verschiedenen Ressorts unter Aktuelle Nachrichten | Auto | Computer | Kino | Kunst | Reise | Lokalnachrichten | Veranstaltungen.<\/p>\n<p>Aktuell arbeiten wir daran, die Lokalnachrichten f\u00fcr den Mittleren Neckarraum mit den Schwerpunkten Stuttgart, Ludwigsburg, Waiblingen, B\u00f6blingen, Heilbronn neu aufzubauen und zu erweitern.<\/p>\n<p><strong>Blick \u00fcber den Tellerrand<\/strong><br \/>\nNeben regionalen Besonderheiten stehen bei uns interessante Reiseziele im Fokus. Unsere Besucher zeichnen sich durch eine hohe Bereitschaft aus hinaus in die Welt zu gehen und Nahes und Fernes zu erkunden. Viele dieser Ziele haben wir im Vorfeld selbst besucht und uns davon \u00fcberzeugt, dass die Angaben zutreffend und das Ziel lohnenswert ist. F\u00fchren Sie selbst Pressegruppenreisen oder individuelle Pressereisen durch? Nehmen Sie Kontakt mit uns auf bzw. leiten unsere Kontaktdaten an Ihre Agentur weiter! Die besten Artikel und Foto-Reportagen entstehen, wenn man selbst vor Ort ist. Bitte kontaktieren Sie unser Ludwigsburger B\u00fcro wg. Planung m\u00f6glichst fr\u00fchzeitig. (Stichwort Pressereise, Presse-Gruppenreise, Recherchereise).<\/p>\n<p>Neu bei uns eingegangen:<br \/>\n<img loading=\"lazy\" src=\"https:\/\/www.n-news.de\/wp-content\/uploads\/2026\/02\/Pictures4.jpg\" alt=\"\" width=\"600\" height=\"353\" class=\"size-full wp-image-124851\" srcset=\"https:\/\/www.n-news.de\/wp-content\/uploads\/2026\/02\/Pictures4.jpg 600w, https:\/\/www.n-news.de\/wp-content\/uploads\/2026\/02\/Pictures4-300x177.jpg 300w\" sizes=\"(max-width: 600px) 100vw, 600px\" \/><\/p>\n<p><strong>\u00dcber uns<\/strong><br \/>\nWir stehen daf\u00fcr, als zeitung.n-news.de die Aufgaben des Journalismus &#8211; wie die \u00d6ffentlichkeit \u00fcber Sachverhalte oder Vorg\u00e4nge, die von allgemeiner, politischer, wirtschaftlicher oder kultureller Bedeutung sind &#8211; zu informieren. Damit tragen wir auch zum Prozess der politischen Meinungs- und Willensbildung bei und erf\u00fcllen eine wichtige gesellschaftliche und \u00f6ffentliche Aufgabe. Die Journalisten sind verpflichtet, vor der Verbreitung ihrer Nachrichten diese auf Inhalt, Herkunft und Wahrheitsgehalt zu kontrollieren. Diese Sorgfaltspflicht sehen wir als einen unserer obersten Grunds\u00e4tze. Berichte entstehend aus Pressereisen, Kooperationen und individuellen Recherchen sind gekennzeichnet mit Hinweis, dass diese Berichte auf Basis der Einladung entstanden sind bzw. ab 2016 mit Text-Hinweis &#8222;Promotion&#8220;. Chat GPT? Testen wir derzeit immer mal wieder&#8230;<\/p>\n<p><strong>ISSN 1867-3651<\/strong><br \/>\nzeitung.n-news.de wurde die ISSN 1867-3651 zugeteilt. Die Internationale Standardseriennummer (ISSN) ist eine Nummer, die Zeitschriften und Schriftenreihen eindeutig identifiziert \u2013 wie bei B\u00fcchern die ISBN. Die ISSN hat den Zweck, fortlaufend ver\u00f6ffentlichte Publikationen wie Zeitschriften oder Reihen jeweils in ihrer Gesamtheit eindeutig zu identifizieren.<\/p>\n<p>Die Vergabe der ISSN wird von nationalen ISSN-Zentren vorgenommen, in Deutschland ist dies die Deutsche Bibliothek in Frankfurt am Main.<\/p>\n<p><strong>F\u00fcr Sie vorn dabei<\/strong><br \/>\nBei uns macht jeder alles. Hier sehen Sie Chefredakteur MK Schechler bei der Arbeit (auf dem Bild vorne Zweiter von rechts). Konzert Sunrise Avenue &#8211; und N-News.de ganz vorn dabei.<\/p>\n<p><img loading=\"lazy\" src=\"https:\/\/www.n-news.de\/wp-content\/uploads\/2021\/01\/sunrise_avenue_016_MK_SCHECHLER_at_work-001.jpg\" alt=\"Foto\" width=\"600\" height=\"401\"\/><br \/>\nFoto: Dank an Martin Olbrich<\/p>\n<p><strong>K\u00fcnstliche Intelligenz<\/strong><br \/>\nAktuell f\u00fchren wir erste Tests mit KI durch, Posts sind so markiert:<br \/>\n<img loading=\"lazy\" src=\"https:\/\/www.n-news.de\/wp-content\/uploads\/2023\/10\/GPT_included_Robot-Icon.png\" alt=\"GPT unterst\u00fctzt\" title=\"GPT unterst\u00fctzt\" width=\"30\" height=\"30\"\/>, Bilder mit &#8222;KI&#8220;<\/p>\n<div class=\"twoclick_social_bookmarks_post_59 social_share_privacy clearfix 1.6.4 locale-de_DE sprite-de_DE\"><\/div><div class=\"twoclick-js\"><script type=\"text\/javascript\">\/* <![CDATA[ *\/\njQuery(document).ready(function($){if($('.twoclick_social_bookmarks_post_59')){$('.twoclick_social_bookmarks_post_59').socialSharePrivacy({\"services\":{\"facebook\":{\"status\":\"on\",\"txt_info\":\"\",\"perma_option\":\"off\",\"action\":\"like\",\"language\":\"de_DE\"},\"twitter\":{\"reply_to\":\"nnews_de\",\"tweet_text\":\"Mehr%20von%20uns%20%C2%BB%20N-News.de\",\"status\":\"on\",\"txt_info\":\"\",\"perma_option\":\"off\",\"language\":\"de\",\"referrer_track\":\"\"},\"gplus\":{\"status\":\"on\",\"txt_info\":\"\",\"perma_option\":\"off\",\"referrer_track\":\"\"},\"pinterest\":{\"status\":\"on\",\"the_excerpt\":\"Mehr von uns &raquo; \\r\\nWillkommen bei N-News.de\\r\\nN-News.de ist die verlagsunabh\\u00e4ngige O ...\",\"txt_info\":\"\",\"perma_option\":\"off\",\"media\":\"https:\\\/\\\/www.n-news.de\\\/wp-content\\\/uploads\\\/2021\\\/11\\\/n-news_base.jpg\"},\"linkedin\":{\"status\":\"on\",\"txt_info\":\"2 Klicks f\\u00fcr mehr Datenschutz: Erst wenn Sie hier klicken, wird der Button aktiv und Sie k\\u00f6nnen Ihre Empfehlung an LinkedIn senden. Schon beim Aktivieren werden Daten an Dritte \\u00fcbertragen - siehe <em>i<\\\/em>.\",\"perma_option\":\"off\"}},\"txt_help\":\"\",\"settings_perma\":\"\",\"info_link\":\"\",\"uri\":\"https:\\\/\\\/www.n-news.de\\\/?page_id=59\",\"post_id\":59,\"post_title_referrer_track\":\"Mehr+von+uns\",\"display_infobox\":\"on\"});}});\n\/* ]]> *\/<\/script><\/div>","protected":false},"excerpt":{"rendered":"<p>Willkommen bei N-News.de N-News.de ist die verlagsunabh\u00e4ngige Online-Zeitung f\u00fcr Stuttgart. 2023 feiern wir 25 Jahre Jubil\u00e4um mit vielen Gewinnspielen, die unsere Partner im Laufe des Jahres bereitstellen. Also, immer wieder reinschauen &#8211; es lohnt sich! Gedruckte Exemplare finden Sie bei uns nicht. N-News ist kostenlos. F\u00fcr ein \u2018Abo\u2019 speichern Sie unseren Link in Ihren Favoriten [&hellip;]<\/p>\n","protected":false},"author":2,"featured_media":105398,"parent":47,"menu_order":1,"comment_status":"closed","ping_status":"open","template":"","meta":[],"_links":{"self":[{"href":"https:\/\/www.n-news.de\/index.php?rest_route=\/wp\/v2\/pages\/59"}],"collection":[{"href":"https:\/\/www.n-news.de\/index.php?rest_route=\/wp\/v2\/pages"}],"about":[{"href":"https:\/\/www.n-news.de\/index.php?rest_route=\/wp\/v2\/types\/page"}],"author":[{"embeddable":true,"href":"https:\/\/www.n-news.de\/index.php?rest_route=\/wp\/v2\/users\/2"}],"replies":[{"embeddable":true,"href":"https:\/\/www.n-news.de\/index.php?rest_route=%2Fwp%2Fv2%2Fcomments&post=59"}],"version-history":[{"count":7,"href":"https:\/\/www.n-news.de\/index.php?rest_route=\/wp\/v2\/pages\/59\/revisions"}],"predecessor-version":[{"id":124857,"href":"https:\/\/www.n-news.de\/index.php?rest_route=\/wp\/v2\/pages\/59\/revisions\/124857"}],"up":[{"embeddable":true,"href":"https:\/\/www.n-news.de\/index.php?rest_route=\/wp\/v2\/pages\/47"}],"wp:featuredmedia":[{"embeddable":true,"href":"https:\/\/www.n-news.de\/index.php?rest_route=\/wp\/v2\/media\/105398"}],"wp:attachment":[{"href":"https:\/\/www.n-news.de\/index.php?rest_route=%2Fwp%2Fv2%2Fmedia&parent=59"}],"curies":[{"name":"wp","href":"https:\/\/api.w.org\/{rel}","templated":true}]}}