{"id":27,"date":"2023-10-20T17:08:41","date_gmt":"2023-10-20T15:08:41","guid":{"rendered":"https:\/\/www.n-news.de\/n-news\/?page_id=27"},"modified":"2023-10-20T17:08:46","modified_gmt":"2023-10-20T15:08:46","slug":"aktuelle-nachrichten","status":"publish","type":"page","link":"https:\/\/www.n-news.de\/?page_id=27","title":{"rendered":"Aktuelle Nachrichten"},"content":{"rendered":"<p>Unsere aktuellen Veranstaltungstipps f\u00fcr die Metropolregion Stuttgart finden Sie <a href=\".\/?cat=4\" title=\"zu den Veranstaltungstipps\">hier<\/a>. Alle Veranstaltungen der n\u00e4chsten Tage finden Sie <a href=\".\/?p=337\" title=\"zu den Veranstaltungshinweisen\">hier<\/a>. <\/p>\n<p><strong>Lokalnachrichten Metropolregion Stuttgart<\/strong><br \/>\nDie Metropolregion Stuttgart umschlie\u00dft den Mittleren Neckarraum mit der Landeshauptstadt Stuttgart und angrenzenden Regionen. Sie geht mit Stuttgart als Mittelpunkt von Pforzheim \u00fcber Calw B\u00f6blingen, T\u00fcbingen, Reutlingen, Esslingen, G\u00f6ppingen, Schw\u00e4bisch Gm\u00fcnd, Waiblingen, Winnenden, Backnang, Ludwigsburg bis Heilbronn. Der Koordinierungsausschuss unter Vorsitz des Stuttgarter Oberb\u00fcrgermeisters Fritz Kuhn, steht als Gremium beratend zur Seite. <\/p>\n<p>Metropolregionen sind Regionszusammenschl\u00fcsse als Netzwerke, die in der Wirtschaftsf\u00f6rderung oder im Marketing zusammenarbeiten. In Deutschland gibt es derzeit elf Metropolregionen.<\/p>\n<div class=\"twoclick_social_bookmarks_post_27 social_share_privacy clearfix 1.6.4 locale-de_DE sprite-de_DE\"><\/div><div class=\"twoclick-js\"><script type=\"text\/javascript\">\/* <![CDATA[ *\/\njQuery(document).ready(function($){if($('.twoclick_social_bookmarks_post_27')){$('.twoclick_social_bookmarks_post_27').socialSharePrivacy({\"services\":{\"facebook\":{\"status\":\"on\",\"txt_info\":\"\",\"perma_option\":\"off\",\"action\":\"like\",\"language\":\"de_DE\"},\"twitter\":{\"reply_to\":\"nnews_de\",\"tweet_text\":\"Aktuelle%20Nachrichten%20%C2%BB%20N-News.de\",\"status\":\"on\",\"txt_info\":\"\",\"perma_option\":\"off\",\"language\":\"de\",\"referrer_track\":\"\"},\"gplus\":{\"status\":\"on\",\"txt_info\":\"\",\"perma_option\":\"off\",\"referrer_track\":\"\"},\"pinterest\":{\"status\":\"on\",\"the_excerpt\":\"Aktuelle Nachrichten &raquo; Unsere aktuellen Veranstaltungstipps f\\u00fcr die Metropolregion Stuttg ...\",\"txt_info\":\"\",\"perma_option\":\"off\",\"media\":\"https:\\\/\\\/www.n-news.de\\\/wp-content\\\/uploads\\\/2021\\\/11\\\/n-news_base.jpg\"},\"linkedin\":{\"status\":\"on\",\"txt_info\":\"2 Klicks f\\u00fcr mehr Datenschutz: Erst wenn Sie hier klicken, wird der Button aktiv und Sie k\\u00f6nnen Ihre Empfehlung an LinkedIn senden. Schon beim Aktivieren werden Daten an Dritte \\u00fcbertragen - siehe <em>i<\\\/em>.\",\"perma_option\":\"off\"}},\"txt_help\":\"\",\"settings_perma\":\"\",\"info_link\":\"\",\"uri\":\"https:\\\/\\\/www.n-news.de\\\/?page_id=27\",\"post_id\":27,\"post_title_referrer_track\":\"Aktuelle+Nachrichten\",\"display_infobox\":\"on\"});}});\n\/* ]]> *\/<\/script><\/div>","protected":false},"excerpt":{"rendered":"<p>Unsere aktuellen Veranstaltungstipps f\u00fcr die Metropolregion Stuttgart finden Sie hier. Alle Veranstaltungen der n\u00e4chsten Tage finden Sie hier. Lokalnachrichten Metropolregion Stuttgart Die Metropolregion Stuttgart umschlie\u00dft den Mittleren Neckarraum mit der Landeshauptstadt Stuttgart und angrenzenden Regionen. Sie geht mit Stuttgart als Mittelpunkt von Pforzheim \u00fcber Calw B\u00f6blingen, T\u00fcbingen, Reutlingen, Esslingen, G\u00f6ppingen, Schw\u00e4bisch Gm\u00fcnd, Waiblingen, Winnenden, Backnang, [&hellip;]<\/p>\n","protected":false},"author":2,"featured_media":105398,"parent":0,"menu_order":2,"comment_status":"closed","ping_status":"closed","template":"","meta":[],"_links":{"self":[{"href":"https:\/\/www.n-news.de\/index.php?rest_route=\/wp\/v2\/pages\/27"}],"collection":[{"href":"https:\/\/www.n-news.de\/index.php?rest_route=\/wp\/v2\/pages"}],"about":[{"href":"https:\/\/www.n-news.de\/index.php?rest_route=\/wp\/v2\/types\/page"}],"author":[{"embeddable":true,"href":"https:\/\/www.n-news.de\/index.php?rest_route=\/wp\/v2\/users\/2"}],"replies":[{"embeddable":true,"href":"https:\/\/www.n-news.de\/index.php?rest_route=%2Fwp%2Fv2%2Fcomments&post=27"}],"version-history":[{"count":0,"href":"https:\/\/www.n-news.de\/index.php?rest_route=\/wp\/v2\/pages\/27\/revisions"}],"wp:featuredmedia":[{"embeddable":true,"href":"https:\/\/www.n-news.de\/index.php?rest_route=\/wp\/v2\/media\/105398"}],"wp:attachment":[{"href":"https:\/\/www.n-news.de\/index.php?rest_route=%2Fwp%2Fv2%2Fmedia&parent=27"}],"curies":[{"name":"wp","href":"https:\/\/api.w.org\/{rel}","templated":true}]}}