{"id":2611,"date":"2022-08-22T08:43:42","date_gmt":"2022-08-22T06:43:42","guid":{"rendered":"https:\/\/www.n-news.de\/\/?page_id=2611"},"modified":"2024-02-04T09:33:39","modified_gmt":"2024-02-04T08:33:39","slug":"n-news-de-app","status":"publish","type":"page","link":"https:\/\/www.n-news.de\/?page_id=2611","title":{"rendered":"Ihre Werbung bei N-News.de"},"content":{"rendered":"<p><b>Werbem\u00f6glichkeiten:<\/b><\/p>\n<ol>\n<li><strong>Banner (*)<\/strong><br \/>\nPreise ab 49,00 EUR\/Monat, die MwSt. ist darin enthalten. Details auf der Preisliste. <\/li>\n<li><strong>Advertorials<\/strong><br \/>\nMit einem Advertorial pr\u00e4sentieren Sie Ihr Unternehmen oder Produkt im redaktionellen Umfeld. F\u00fcr Advertorials berechnen wir pauschal 150,00 EUR, die MwSt. ist darin enthalten. Der Preis gilt f\u00fcr fertigen Text bis ca. 700 Worte und Integration eines Bildes. Das Bild wird \u00fcber die l\u00e4ngste Seite mit max. 600 Pixel angedruckt und auch als Artikelvorschaubild verwendet. 600 Pixel entsprechen der Spaltenbreite unserer Artikelseite. Eine Onlinestellung garantieren wir f\u00fcr mind. 3 Monate, zus\u00e4tzlich eine Platzierung auf der Einstiegsseite unter \u201ePromotion\u201c f\u00fcr 2 Wochen. Der Artikel wird am Artikelende mit \u201ePromotion\u201c gekennzeichnet, Links mit \u201erel=&#8220;noopener&#8220;\u201c. Falls Sie abweichende W\u00fcnsche haben &#8211; mehr Fotos, Textgestaltung oder Fotos durch uns etc. &#8211; einfach melden. Wir finden eine L\u00f6sung.<\/p>\n<p><em>Das Wort &#8222;Advertorial&#8220; setzt sich aus den Begriffen &#8222;Advertisement&#8220; und &#8222;Editorial&#8220;, englisch f\u00fcr &#8222;Anzeige&#8220; und &#8222;redaktioneller Beitrag&#8220; zusammen. Bei dieser modernen Werbeform sind Werbeinhalte optisch und redaktionell in die Webseite integriert. Diese Werbeform erzielt einen erheblich h\u00f6heren Werbeeffekt wie Banner.<\/em><\/li>\n<li><strong>Sitelink (**)<\/strong><br \/>\nMit einem Sitelink pr\u00e4sentieren Sie Ihr Unternehmen oder Produkt im redaktionellen Umfeld. Der Sitelink wird mit einem Bild (max. 300 x 250 Pixel) und &#8211; wenn gew\u00fcnscht &#8211; einem Ank\u00fcndigungstext (bis 100 Zeichen) in der rechten Spalte oben unserer Webseite \u00fcber dem Wetterblock dargestellt. Im Gegensatz zum Advertorial verlinkt dieser dann auf die von Ihnen vorgegebene externe Seite. Der Bereitstellungspreis betr\u00e4gt 99,00 EUR pro Monat, die MwSt. ist darin enthalten. <\/li>\n<li><strong>Barter<\/strong><br \/>\nBitte kommen Sie auf uns zu.<\/li>\n<\/ol>\n<p>Kein Tausenderkontaktpreis (TKP), sondern ausschlie\u00dflich zeitraumbezogene Werbedarstellungen zur einfachen Planung f\u00fcr Sie. Alle Preise Endpreise inkl. MwSt.<\/p>\n<p> (*) Mindestabnahme 3 Monate<br \/>\n(**) F\u00fcr Buchungen von 4 Wochen und l\u00e4nger erhalten Sie 25% Rabatt.<\/p>\n<p>Bildangaben in Pixel Format: Breite x H\u00f6he\n<\/ul>\n<p>Derzeit g\u00fcltig: Preisliste 4\/2022<br \/>\nPreisliste herunterladen: <a href=\"https:\/\/www.n-news.de\/wp-content\/uploads\/2023\/07\/Online-Werbung-auf-N-News.de-Preisliste-4-2022.pdf\" target=\"_blank\" rel=\"noopener noreferrer\">Hier klicken<\/a><\/p>\n<p>Bitte nehmen Sie direkt mit uns Kontakt auf. Ihr Ansprechpartner: Martin Schechler<\/p>\n<p>Unsere AGB: <a href=\"https:\/\/www.n-news.de\/\/?page_id=67321\">Hier klicken<\/a><\/p>\n<div id=\"attachment_68109\" style=\"width: 610px\" class=\"wp-caption alignleft\"><img aria-describedby=\"caption-attachment-68109\" loading=\"lazy\" src=\"https:\/\/www.n-news.de\/wp-content\/uploads\/2012\/08\/ami.resp_.n-news.jpg\" alt=\"Werben bei N-News.de - preiswerter als man denkt!\" width=\"600\" height=\"367\" class=\"size-full wp-image-68109\" srcset=\"https:\/\/www.n-news.de\/wp-content\/uploads\/2012\/08\/ami.resp_.n-news.jpg 600w, https:\/\/www.n-news.de\/wp-content\/uploads\/2012\/08\/ami.resp_.n-news-300x184.jpg 300w\" sizes=\"(max-width: 600px) 100vw, 600px\" \/><p id=\"caption-attachment-68109\" class=\"wp-caption-text\">Werben bei N-News.de &#8211; preiswerter als man denkt!<\/p><\/div>\n<div class=\"twoclick_social_bookmarks_post_2611 social_share_privacy clearfix 1.6.4 locale-de_DE sprite-de_DE\"><\/div><div class=\"twoclick-js\"><script type=\"text\/javascript\">\/* <![CDATA[ *\/\njQuery(document).ready(function($){if($('.twoclick_social_bookmarks_post_2611')){$('.twoclick_social_bookmarks_post_2611').socialSharePrivacy({\"services\":{\"facebook\":{\"status\":\"on\",\"txt_info\":\"\",\"perma_option\":\"off\",\"action\":\"like\",\"language\":\"de_DE\"},\"twitter\":{\"reply_to\":\"nnews_de\",\"tweet_text\":\"Ihre%20Werbung%20bei%20N-News.de%20%C2%BB%20N-News.de\",\"status\":\"on\",\"txt_info\":\"\",\"perma_option\":\"off\",\"language\":\"de\",\"referrer_track\":\"\"},\"gplus\":{\"status\":\"on\",\"txt_info\":\"\",\"perma_option\":\"off\",\"referrer_track\":\"\"},\"pinterest\":{\"status\":\"on\",\"the_excerpt\":\"Ihre Werbung bei N-News.de &raquo; Werbem\\u00f6glichkeiten:\\r\\n\\r\\n \\tBanner (*)\\r\\nPreise ab 49,00 EUR\\\/Monat, di ...\",\"txt_info\":\"\",\"perma_option\":\"off\",\"media\":\"https:\\\/\\\/www.n-news.de\\\/wp-content\\\/uploads\\\/2012\\\/08\\\/ami.resp_.n-news.jpg\"},\"linkedin\":{\"status\":\"on\",\"txt_info\":\"2 Klicks f\\u00fcr mehr Datenschutz: Erst wenn Sie hier klicken, wird der Button aktiv und Sie k\\u00f6nnen Ihre Empfehlung an LinkedIn senden. Schon beim Aktivieren werden Daten an Dritte \\u00fcbertragen - siehe <em>i<\\\/em>.\",\"perma_option\":\"off\"}},\"txt_help\":\"\",\"settings_perma\":\"\",\"info_link\":\"\",\"uri\":\"https:\\\/\\\/www.n-news.de\\\/?page_id=2611\",\"post_id\":2611,\"post_title_referrer_track\":\"Ihre+Werbung+bei+N-News.de\",\"display_infobox\":\"on\"});}});\n\/* ]]> *\/<\/script><\/div>","protected":false},"excerpt":{"rendered":"<p>Werbem\u00f6glichkeiten: Banner (*) Preise ab 49,00 EUR\/Monat, die MwSt. ist darin enthalten. Details auf der Preisliste. Advertorials Mit einem Advertorial pr\u00e4sentieren Sie Ihr Unternehmen oder Produkt im redaktionellen Umfeld. F\u00fcr Advertorials berechnen wir pauschal 150,00 EUR, die MwSt. ist darin enthalten. Der Preis gilt f\u00fcr fertigen Text bis ca. 700 Worte und Integration eines Bildes. [&hellip;]<\/p>\n","protected":false},"author":2,"featured_media":68109,"parent":47,"menu_order":3,"comment_status":"closed","ping_status":"open","template":"","meta":[],"_links":{"self":[{"href":"https:\/\/www.n-news.de\/index.php?rest_route=\/wp\/v2\/pages\/2611"}],"collection":[{"href":"https:\/\/www.n-news.de\/index.php?rest_route=\/wp\/v2\/pages"}],"about":[{"href":"https:\/\/www.n-news.de\/index.php?rest_route=\/wp\/v2\/types\/page"}],"author":[{"embeddable":true,"href":"https:\/\/www.n-news.de\/index.php?rest_route=\/wp\/v2\/users\/2"}],"replies":[{"embeddable":true,"href":"https:\/\/www.n-news.de\/index.php?rest_route=%2Fwp%2Fv2%2Fcomments&post=2611"}],"version-history":[{"count":0,"href":"https:\/\/www.n-news.de\/index.php?rest_route=\/wp\/v2\/pages\/2611\/revisions"}],"up":[{"embeddable":true,"href":"https:\/\/www.n-news.de\/index.php?rest_route=\/wp\/v2\/pages\/47"}],"wp:featuredmedia":[{"embeddable":true,"href":"https:\/\/www.n-news.de\/index.php?rest_route=\/wp\/v2\/media\/68109"}],"wp:attachment":[{"href":"https:\/\/www.n-news.de\/index.php?rest_route=%2Fwp%2Fv2%2Fmedia&parent=2611"}],"curies":[{"name":"wp","href":"https:\/\/api.w.org\/{rel}","templated":true}]}}